{"id":1339,"date":"2021-05-12T07:05:04","date_gmt":"2021-05-12T07:05:04","guid":{"rendered":"https:\/\/www.reaalprojekt.ee\/?page_id=1339"},"modified":"2026-02-19T11:07:36","modified_gmt":"2026-02-19T11:07:36","slug":"about-us","status":"publish","type":"page","link":"https:\/\/www.reaalprojekt.ee\/en\/about-us\/","title":{"rendered":"About us"},"content":{"rendered":"\n<div class=\"wp-block-columns is-layout-flex wp-container-core-columns-layout-1 wp-block-columns-is-layout-flex\">\n<div class=\"wp-block-column is-layout-flow wp-block-column-is-layout-flow\">\n<h1 class=\"wp-block-heading\" id=\"block-1ae983cf-e90d-46de-8da9-32a34fe99b2f\"><strong>About the company<\/strong><\/h1>\n\n\n\n<p>Reaalprojekt is a consultancy that offers infrastructure engineering design services. We offer customised solutions for railway, road and other infrastructure and communication projects. You&#8217;ll find us to be an experienced and reliable partner in Estonia, Latvia, Lithuania and Sweden.<\/p>\n\n\n\n<p>The company advises, plans, designs and manages design work related to railways, roads, bridges, tunnels, water and sewerage networks, electrical and communication communications and water infrastructure for both private and public companies. Our services also include geodetic surveying and preparations for geological investigations.<\/p>\n\n\n\n<p>Since the establishment of Reaalprojekt in 2001, the company has grown into one of the largest companies providing engineering design services in Estonia, with subsidiaries in Estonia, Latvia, Lithuania and Sweden.<\/p>\n<\/div>\n\n\n\n<div class=\"wp-block-column is-layout-flow wp-block-column-is-layout-flow\">\n<figure class=\"wp-block-image size-large\"><img loading=\"lazy\" decoding=\"async\" width=\"1024\" height=\"683\" src=\"https:\/\/www.reaalprojekt.ee\/wp-content\/uploads\/2021\/03\/meist-pilt-2-1024x683.jpg\" alt=\"\" class=\"wp-image-1239\" srcset=\"https:\/\/www.reaalprojekt.ee\/wp-content\/uploads\/2021\/03\/meist-pilt-2-1024x683.jpg 1024w, https:\/\/www.reaalprojekt.ee\/wp-content\/uploads\/2021\/03\/meist-pilt-2-300x200.jpg 300w, https:\/\/www.reaalprojekt.ee\/wp-content\/uploads\/2021\/03\/meist-pilt-2-768x512.jpg 768w, https:\/\/www.reaalprojekt.ee\/wp-content\/uploads\/2021\/03\/meist-pilt-2.jpg 1200w\" sizes=\"(max-width: 1024px) 100vw, 1024px\" \/><\/figure>\n<\/div>\n<\/div>\n\n\n<div class=\"lazyblock-highlighted-media-block-1LhfkU wp-block-lazyblock-highlighted-media-block\">\n<div class=\"highlighted-media-text\">\n    <div class=\"media\">\n        <img decoding=\"async\" src=\"https:\/\/www.reaalprojekt.ee\/wp-content\/uploads\/2021\/02\/map-dots.png\" alt=\"\">\n    <\/div>\n    <div class=\"text\">\n        <h3>Reaalprojekt group: <\/h3>\n        <ul>\n<li><a href=\"https:\/\/www.reaalprojekt.ee\/\">Reaalprojekt O\u00dc (EE)<\/a>\u00a0<\/li>\n<li><a href=\"https:\/\/www.realprojekts.lv\/\">SIA Realprojekts (LV)<\/a><\/li>\n<li><a href=\"https:\/\/realprojektas.lt\/\">Realprojekt UAB (LT)<\/a><\/li>\n<li><a href=\"https:\/\/reaalprojekt.se\/\">Reaalprojekt AB (SE)<\/a><\/li>\n<li><a href=\"https:\/\/www.latvijasmernieks.lv\/\">SIA Latvijasmernieks.lv (LV)<\/a><\/li>\n<li><a href=\"https:\/\/geogrupp.ee\/\">O\u00dc G.E.O. Grupp (EE)<\/a><\/li>\n<\/ul>    <\/div>\n<\/div>\n<\/div>\n\n\n<h3 class=\"wp-block-heading\">Clients from both the public and private sector<\/h3>\n\n\n\n<p>More than half of the total volume of orders comes from the public sector. Our largest client is Rail Baltic Rail, accounting for more than 40% of our total turnover. In addition, we are partnered with many Estonian local governments. In the private sector, we serve almost all major infrastructure construction and consulting companies. Ikea is also one of our partners.<\/p>\n\n\n<div class=\"lazyblock-logo-gallery-Z1nKL4h wp-block-lazyblock-logo-gallery\">\n<div class=\"logo-gallery\">\n\n            <div class=\"partner-logo\">\n            <img decoding=\"async\" src=\"https:\/\/www.reaalprojekt.ee\/wp-content\/uploads\/2021\/01\/transpordiamet-logo.png\" alt=\"\" class=\"responsive\">\n        <\/div>\n            <div class=\"partner-logo\">\n            <img decoding=\"async\" src=\"https:\/\/www.reaalprojekt.ee\/wp-content\/uploads\/2021\/01\/tallinn-logo-1.png\" alt=\"\" class=\"responsive\">\n        <\/div>\n            <div class=\"partner-logo\">\n            <img decoding=\"async\" src=\"https:\/\/www.reaalprojekt.ee\/wp-content\/uploads\/2021\/01\/eesti-raudtee-logo-1.png\" alt=\"\" class=\"responsive\">\n        <\/div>\n            <div class=\"partner-logo\">\n            <img decoding=\"async\" src=\"https:\/\/www.reaalprojekt.ee\/wp-content\/uploads\/2021\/01\/rail-baltica-logo.png\" alt=\"\" class=\"responsive\">\n        <\/div>\n            <div class=\"partner-logo\">\n            <img decoding=\"async\" src=\"https:\/\/www.reaalprojekt.ee\/wp-content\/uploads\/2021\/01\/trev2-logo.png\" alt=\"\" class=\"responsive\">\n        <\/div>\n    \n<\/div>\n<\/div>\n\n\n<h2 class=\"wp-block-heading\">Our core values<\/h2>\n\n\n<div class=\"lazyblock-highlighted-text-blocks-11Och wp-block-lazyblock-highlighted-text-blocks\">\n<div class=\"highlighted-text-blocks\">\n            <div class=\"block\">\n            <h3>MISSION<\/h3>\n            <div class=\"text\"><p>Reaalprojekt&#8217;s\u00a0<b>mission<\/b>\u00a0is to help clients achieve their goals by designing sustainable and secure infrastructure solutions.<\/p><\/div>\n        <\/div>\n            <div class=\"block\">\n            <h3>VISION<\/h3>\n            <div class=\"text\"><p>We are aware that the rapidly growing world population is putting increasing strain on the surrounding environment. Reaalprojekt&#8217;s <b>vision<\/b>\u00a0is to shape a sustainable future for our children.<\/p><\/div>\n        <\/div>\n            <div class=\"block\">\n            <h3>BUSINESS PHILOSOPHY<\/h3>\n            <div class=\"text\"><p>High-quality consultation is the basis for creating a good living environment.<\/p><\/div>\n        <\/div>\n    <\/div>\n<\/div>\n\n\n<div class=\"wp-block-columns is-layout-flex wp-container-core-columns-layout-2 wp-block-columns-is-layout-flex\">\n<div class=\"wp-block-column is-layout-flow wp-block-column-is-layout-flow\">\n<h2 class=\"wp-block-heading\"><strong><strong>Membership in unions<\/strong><\/strong><\/h2>\n\n\n\n<p>Reaalprojekt is a member of the Estonian Chamber of Commerce and Industry, the Estonian Asphalt Pavement Association, the Estonian Road Cluster and the Estonian Digital Construction Cluster.<\/p>\n<\/div>\n\n\n\n<div class=\"wp-block-column is-layout-flow wp-block-column-is-layout-flow\">\n<figure class=\"wp-block-image size-large\"><img loading=\"lazy\" decoding=\"async\" width=\"1024\" height=\"289\" src=\"https:\/\/www.reaalprojekt.ee\/wp-content\/uploads\/2026\/02\/RP-liitude-kuulumine_19.02.2026-1-1024x289.png\" alt=\"\" class=\"wp-image-3751\" srcset=\"https:\/\/www.reaalprojekt.ee\/wp-content\/uploads\/2026\/02\/RP-liitude-kuulumine_19.02.2026-1-1024x289.png 1024w, https:\/\/www.reaalprojekt.ee\/wp-content\/uploads\/2026\/02\/RP-liitude-kuulumine_19.02.2026-1-300x85.png 300w, https:\/\/www.reaalprojekt.ee\/wp-content\/uploads\/2026\/02\/RP-liitude-kuulumine_19.02.2026-1-768x217.png 768w, https:\/\/www.reaalprojekt.ee\/wp-content\/uploads\/2026\/02\/RP-liitude-kuulumine_19.02.2026-1.png 1285w\" sizes=\"(max-width: 1024px) 100vw, 1024px\" \/><\/figure>\n<\/div>\n<\/div>\n\n\n\n<h2 class=\"wp-block-heading\"><strong>Recognitions<\/strong><\/h2>\n\n\n\n<p>The Estonian Road Administration recognised the high quality of our work with the \u2018<strong>Best Designer<\/strong>\u2019 award in 2004, 2008 and 2009. Based on a ranking of competitiveness prepared at the initiative of the Estonian Chamber of Commerce and Industry and the Estonian Employers\u2019 Confederation, Reaalprojekt was declared <strong>the most competitive company in the field of architecture and design<\/strong>&nbsp;in 2014.<\/p>\n\n\n\n<h2 class=\"wp-block-heading\">Watch a video introducing our team<\/h2>\n\n\n\n<figure class=\"wp-block-embed is-type-video is-provider-youtube wp-block-embed-youtube wp-embed-aspect-16-9 wp-has-aspect-ratio\"><div class=\"wp-block-embed__wrapper\">\n<iframe loading=\"lazy\" title=\"O\u00dc REAALPROJEKT - Konkurentsiv\u00f5imelisim arhitektuuri- ja projekteerimisettev\u00f5te 2014\" width=\"500\" height=\"281\" src=\"https:\/\/www.youtube.com\/embed\/fJg0XscZGKk?feature=oembed\" frameborder=\"0\" allow=\"accelerometer; autoplay; clipboard-write; encrypted-media; gyroscope; picture-in-picture\" allowfullscreen><\/iframe>\n<\/div><\/figure>\n","protected":false},"excerpt":{"rendered":"<p>About the company Reaalprojekt is a consultancy that offers infrastructure engineering design services. We offer customised solutions for railway, road [&hellip;]<\/p>\n","protected":false},"author":4,"featured_media":1228,"parent":0,"menu_order":27,"comment_status":"closed","ping_status":"closed","template":"","meta":{"job-offer-links":"%5B%5D","footnotes":""},"acf":[],"_links":{"self":[{"href":"https:\/\/www.reaalprojekt.ee\/en\/wp-json\/wp\/v2\/pages\/1339"}],"collection":[{"href":"https:\/\/www.reaalprojekt.ee\/en\/wp-json\/wp\/v2\/pages"}],"about":[{"href":"https:\/\/www.reaalprojekt.ee\/en\/wp-json\/wp\/v2\/types\/page"}],"author":[{"embeddable":true,"href":"https:\/\/www.reaalprojekt.ee\/en\/wp-json\/wp\/v2\/users\/4"}],"replies":[{"embeddable":true,"href":"https:\/\/www.reaalprojekt.ee\/en\/wp-json\/wp\/v2\/comments?post=1339"}],"version-history":[{"count":5,"href":"https:\/\/www.reaalprojekt.ee\/en\/wp-json\/wp\/v2\/pages\/1339\/revisions"}],"predecessor-version":[{"id":3754,"href":"https:\/\/www.reaalprojekt.ee\/en\/wp-json\/wp\/v2\/pages\/1339\/revisions\/3754"}],"wp:featuredmedia":[{"embeddable":true,"href":"https:\/\/www.reaalprojekt.ee\/en\/wp-json\/wp\/v2\/media\/1228"}],"wp:attachment":[{"href":"https:\/\/www.reaalprojekt.ee\/en\/wp-json\/wp\/v2\/media?parent=1339"}],"curies":[{"name":"wp","href":"https:\/\/api.w.org\/{rel}","templated":true}]}}