{"id":1352,"date":"2021-05-12T07:17:01","date_gmt":"2021-05-12T07:17:01","guid":{"rendered":"https:\/\/www.reaalprojekt.ee\/?page_id=1352"},"modified":"2021-06-16T15:24:02","modified_gmt":"2021-06-16T15:24:02","slug":"cooperation-and-clients","status":"publish","type":"page","link":"https:\/\/www.reaalprojekt.ee\/en\/about-us\/cooperation-and-clients\/","title":{"rendered":"Cooperation and clients"},"content":{"rendered":"\n<h2 class=\"wp-block-heading\"><strong><strong>Cooperation and clients<\/strong><\/strong><\/h2>\n\n\n\n<h3 class=\"wp-block-heading\">Public sector<\/h3>\n\n\n\n<p>Public sector orders amount to more than half of our total turnover.<br>We have also engaged in successful cooperation with numerous Estonian local governments:<\/p>\n\n\n\n<div class=\"wp-block-columns is-layout-flex wp-container-core-columns-layout-1 wp-block-columns-is-layout-flex\">\n<div class=\"wp-block-column is-layout-flow wp-block-column-is-layout-flow\">\n<p><strong><strong>Harju County<\/strong><\/strong><br>Tallinn<br>Saue<br>Harku Rural Municipality Government<br>J\u00f5el\u00e4htme Rural Municipality Government<br>Kiili Rural Municipality Government<br>Kuusalu Rural Municipality Government<br>Raasiku Rural Municipality Government<br>Rae Rural Municipality Government<br>Saku Rural Municipality Government<br>Saue Rural Municipality Government<br>Viimsi Rural Municipality Government<\/p>\n\n\n\n<p><strong><strong>L\u00e4\u00e4ne-Viru County<\/strong><\/strong><br>Kadrina Rural Municipality Government<\/p>\n\n\n\n<p><strong><strong>Tartu County<\/strong><\/strong><br>Tartu<br>Puhja Rural Municipality Government<\/p>\n<\/div>\n\n\n\n<div class=\"wp-block-column is-layout-flow wp-block-column-is-layout-flow\">\n<p><strong><strong>Ida-Viru County<\/strong><\/strong><br>Illuka Rural Municipality Government<br>J\u00f5hvi Rural Municipality Government<br>Toila Rural Municipality Government<\/p>\n\n\n\n<p><strong><strong>P\u00f5lva County<\/strong><\/strong><br>P\u00f5lva<br>P\u00f5lva Rural Municipality Government<br>V\u00e4rska Rural Municipality Government<\/p>\n\n\n\n<p><strong><strong>Rapla County<\/strong><\/strong><br>Kehtna Rural Municipality Government<br>Kohila Rural Municipality Government<br>M\u00e4rjamaa Rural Municipality Government<br>Rapla Rural Municipality Government<\/p>\n\n\n\n<p><strong><strong>V\u00f5ru County<\/strong><\/strong><br>V\u00f5ru<\/p>\n<\/div>\n\n\n\n<div class=\"wp-block-column is-layout-flow wp-block-column-is-layout-flow\">\n<p><strong><strong>J\u00e4rva County<\/strong><\/strong><br>Paide<br>Albu Rural Municipality Government<br>J\u00e4rva-Jaani Rural Municipality Government<br>Koeru Rural Municipality Government<br>T\u00fcri Rural Municipality Government<\/p>\n\n\n\n<p><strong><strong>P\u00e4rnu County<\/strong><\/strong><br>P\u00e4rnu<br>Kihnu Rural Municipality Government<br>Sauga Rural Municipality Government<\/p>\n\n\n\n<p><strong><strong>Viljandi County<\/strong><\/strong><br>Viljandi<br>V\u00f5hma<br>Karksi Rural Municipality Government<br>Suure-Jaani Rural Municipality Government<br>Viljandi Rural Municipality Government<\/p>\n<\/div>\n<\/div>\n\n\n\n<h3 class=\"wp-block-heading\">Private sector<\/h3>\n\n\n\n<p><strong>In the private sector<\/strong>,\u00a0our most important partners in Estonia are:<\/p>\n\n\n\n<div class=\"wp-block-columns is-layout-flex wp-container-core-columns-layout-2 wp-block-columns-is-layout-flex\">\n<div class=\"wp-block-column is-layout-flow wp-block-column-is-layout-flow\">\n<p>Arhitektib\u00fcroo Siim &amp; P\u00f5lllumaa<br>EstKonsult O\u00dc<br>Hendrikson ja Ko O\u00dc<br>Kadarik T\u00fc\u00fcr Arhitektid O\u00dc<br>Keskkond ja Partnerid O\u00dc<br>Lemmink\u00e4inen Eesti AS<br>Mapri O\u00dc<br>Merko Ehitus Eesti AS<br>Moris Systems O\u00dc<\/p>\n<\/div>\n\n\n\n<div class=\"wp-block-column is-layout-flow wp-block-column-is-layout-flow\">\n<p>Nordecon AS<br>Novarc Grupp AS<br>P\u00f5lva Teed AS<br>REIB O\u00dc<br>Ramboll Eesti AS<br>Sakala Teed O\u00dc<br>Sweco Projekt AS<br>Taalri Varahaldus AS<br>Tallinna Teede AS<br>Teede REV-2 AS<\/p>\n<\/div>\n\n\n\n<div class=\"wp-block-column is-layout-flow wp-block-column-is-layout-flow\">\n<p>Teede Tehnokeskus AS<br>Tehnilise J\u00e4relevalve Amet<br>Tref AS<br>Tref Nord AS<br>Viru Keemia Grupp AS<br>Wesico Projekt O\u00dc<\/p>\n<\/div>\n<\/div>\n\n\n\n<p><strong>In foreign countries<\/strong>,\u00a0our most important partners are:<\/p>\n\n\n\n<p>Kelprojektas UAB<br>Tripa Oy<br>VRT Finland Oy<br>WSP Sverige AB<\/p>\n","protected":false},"excerpt":{"rendered":"<p>Cooperation and clients Public sector Public sector orders amount to more than half of our total turnover.We have also engaged [&hellip;]<\/p>\n","protected":false},"author":4,"featured_media":0,"parent":1339,"menu_order":43,"comment_status":"closed","ping_status":"closed","template":"","meta":{"job-offer-links":"%5B%5D","footnotes":""},"acf":[],"_links":{"self":[{"href":"https:\/\/www.reaalprojekt.ee\/en\/wp-json\/wp\/v2\/pages\/1352"}],"collection":[{"href":"https:\/\/www.reaalprojekt.ee\/en\/wp-json\/wp\/v2\/pages"}],"about":[{"href":"https:\/\/www.reaalprojekt.ee\/en\/wp-json\/wp\/v2\/types\/page"}],"author":[{"embeddable":true,"href":"https:\/\/www.reaalprojekt.ee\/en\/wp-json\/wp\/v2\/users\/4"}],"replies":[{"embeddable":true,"href":"https:\/\/www.reaalprojekt.ee\/en\/wp-json\/wp\/v2\/comments?post=1352"}],"version-history":[{"count":4,"href":"https:\/\/www.reaalprojekt.ee\/en\/wp-json\/wp\/v2\/pages\/1352\/revisions"}],"predecessor-version":[{"id":1897,"href":"https:\/\/www.reaalprojekt.ee\/en\/wp-json\/wp\/v2\/pages\/1352\/revisions\/1897"}],"up":[{"embeddable":true,"href":"https:\/\/www.reaalprojekt.ee\/en\/wp-json\/wp\/v2\/pages\/1339"}],"wp:attachment":[{"href":"https:\/\/www.reaalprojekt.ee\/en\/wp-json\/wp\/v2\/media?parent=1352"}],"curies":[{"name":"wp","href":"https:\/\/api.w.org\/{rel}","templated":true}]}}